{"id":2457,"date":"2024-11-24T17:04:38","date_gmt":"2024-11-24T17:04:38","guid":{"rendered":"https:\/\/cuevacascamorras.com\/?page_id=2457"},"modified":"2026-03-24T00:35:05","modified_gmt":"2026-03-23T23:35:05","slug":"multimedia-cueva-cascamorras","status":"publish","type":"page","link":"https:\/\/cuevacascamorras.com\/en\/cueva-cascamorras\/multimedia-cueva-cascamorras\/","title":{"rendered":"Multimedia"},"content":{"rendered":"<div class=\"wp-block-uagb-container uagb-block-ad39d8c1 alignfull uagb-is-root-container\">\n<div class=\"wp-block-uagb-info-box uagb-block-0eab1ec7 uagb-infobox__content-wrap  uagb-infobox-icon-above-title uagb-infobox-image-valign-top\"><div class=\"uagb-ifb-content\"><div class=\"uagb-ifb-title-wrap\"><span class=\"uagb-ifb-title-prefix\">Descubre el Misterio y la Belleza Oculta: <\/span><h1 class=\"uagb-ifb-title\">La Galer\u00eda Multimedia<br> de la Cueva Cascamorras<\/h1><\/div><\/div><\/div>\n<\/div>\n\n\n\n<div class=\"wp-block-uagb-container uagb-block-037ca53a alignfull uagb-is-root-container\"><div class=\"uagb-container-inner-blocks-wrap\">\n<div class=\"wp-block-uagb-advanced-heading uagb-block-44622567\"><h2 class=\"uagb-heading-text\"><strong>Galer\u00eda Fotogr\u00e1fica<\/strong> de la Cueva Cascamorras<\/h2><p class=\"uagb-desc-text\">Sum\u00e9rgete en un viaje visual \u00fanico a trav\u00e9s de la<strong> Galer\u00eda Fotogr\u00e1fica<\/strong> de la Cueva Cascamorras, donde la magia de la naturaleza y la historia se entrelazan en cada imagen. Esta exposici\u00f3n captura los rincones m\u00e1s fascinantes de una de las cuevas m\u00e1s enigm\u00e1ticas y bellas del mundo<\/p><\/div>\n<\/div><\/div>\n\n\n\nngg_shortcode_0_placeholder\n\n\n\n<div class=\"wp-block-uagb-container uagb-block-4eaa7e1f alignfull uagb-is-root-container\"><div class=\"uagb-container-inner-blocks-wrap\">\n<div class=\"wp-block-uagb-advanced-heading uagb-block-2f61cb8b\"><h2 class=\"uagb-heading-text\"><strong>Videoteca <\/strong>de la Cueva Cascamorras<\/h2><p class=\"uagb-desc-text\">Cada fotograma cuenta una historia, invit\u00e1ndote a vivir una experiencia inolvidable en un lugar donde la serenidad y la aventura se encuentran. \u00a1Deja que este video te inspire y prep\u00e1rate para crear tus propios recuerdos en Cueva Cascamorras!<\/p><\/div>\n<\/div><\/div>\n\n\n\n<div class=\"wp-block-uagb-container uagb-block-63a128ee alignwide uagb-is-root-container\">\n<figure class=\"wp-block-video\"><video controls src=\"https:\/\/cuevacascamorras.com\/wp-content\/uploads\/2025\/01\/Ven-a-la-casa-Cueva-Cascamorras-web.jjjj\" playsinline><\/video><figcaption class=\"wp-element-caption\"><strong>                                                                                             \u00a1Ven a la casa Cueva Cascamorras!<\/strong><\/figcaption><\/figure>\n<\/div>\n\n\n\n<div class=\"wp-block-uagb-container uagb-block-625fb0d3 alignfull uagb-is-root-container\"><div class=\"uagb-container-inner-blocks-wrap\">\n<div class=\"wp-block-uagb-info-box uagb-block-bff49d32 uagb-infobox__content-wrap  uagb-infobox-icon-above-title uagb-infobox-image-valign-top\"><div class=\"uagb-ifb-content\"><div class=\"uagb-ifb-title-wrap\"><span class=\"uagb-ifb-title-prefix\">Exclusive discount! <\/span><h2 class=\"uagb-ifb-title\">Exclusive discount!\nTake advantage of 15% off your next mid-stay booking and<br> Exclusive discount!\nTake advantage of 15% off your next mid-stay booking and<\/h2><\/div><\/div><\/div>\n\n\n\n<div class=\"wp-block-uagb-info-box uagb-block-ddde12bb uagb-infobox__content-wrap  uagb-infobox-icon-above-title uagb-infobox-image-valign-top\"><div class=\"uagb-ifb-content\"><div class=\"uagb-ifb-title-wrap\"><span class=\"uagb-ifb-title-prefix\"> Don't miss it!<\/span><h2 class=\"uagb-ifb-title\">for a limited time only! <\/h2><\/div><\/div><\/div>\n<\/div><\/div>\n\n\n\n<p><\/p>","protected":false},"excerpt":{"rendered":"<p>Galer\u00eda Fotogr\u00e1fica de la Cueva Cascamorras Sum\u00e9rgete en un viaje visual \u00fanico a trav\u00e9s de la Galer\u00eda Fotogr\u00e1fica de la [&hellip;]<\/p>\n","protected":false},"author":5,"featured_media":0,"parent":14,"menu_order":5,"comment_status":"closed","ping_status":"closed","template":"","meta":{"_surecart_dashboard_logo_width":"180px","_surecart_dashboard_show_logo":true,"_surecart_dashboard_navigation_orders":true,"_surecart_dashboard_navigation_invoices":true,"_surecart_dashboard_navigation_subscriptions":true,"_surecart_dashboard_navigation_downloads":true,"_surecart_dashboard_navigation_billing":true,"_surecart_dashboard_navigation_account":true,"_uag_custom_page_level_css":"","site-sidebar-layout":"default","site-content-layout":"","ast-site-content-layout":"normal-width-container","site-content-style":"default","site-sidebar-style":"default","ast-global-header-display":"","ast-banner-title-visibility":"disabled","ast-main-header-display":"","ast-hfb-above-header-display":"","ast-hfb-below-header-display":"","ast-hfb-mobile-header-display":"","site-post-title":"disabled","ast-breadcrumbs-content":"","ast-featured-img":"","footer-sml-layout":"","ast-disable-related-posts":"","theme-transparent-header-meta":"enabled","adv-header-id-meta":"","stick-header-meta":"","header-above-stick-meta":"","header-main-stick-meta":"","header-below-stick-meta":"","astra-migrate-meta-layouts":"","ast-page-background-enabled":"default","ast-page-background-meta":{"desktop":{"background-color":"var(--ast-global-color-4)","background-image":"","background-repeat":"repeat","background-position":"center center","background-size":"auto","background-attachment":"scroll","background-type":"","background-media":"","overlay-type":"","overlay-color":"","overlay-opacity":"","overlay-gradient":""},"tablet":{"background-color":"","background-image":"","background-repeat":"repeat","background-position":"center center","background-size":"auto","background-attachment":"scroll","background-type":"","background-media":"","overlay-type":"","overlay-color":"","overlay-opacity":"","overlay-gradient":""},"mobile":{"background-color":"","background-image":"","background-repeat":"repeat","background-position":"center center","background-size":"auto","background-attachment":"scroll","background-type":"","background-media":"","overlay-type":"","overlay-color":"","overlay-opacity":"","overlay-gradient":""}},"ast-content-background-meta":{"desktop":{"background-color":"var(--ast-global-color-5)","background-image":"","background-repeat":"repeat","background-position":"center center","background-size":"auto","background-attachment":"scroll","background-type":"","background-media":"","overlay-type":"","overlay-color":"","overlay-opacity":"","overlay-gradient":""},"tablet":{"background-color":"var(--ast-global-color-5)","background-image":"","background-repeat":"repeat","background-position":"center center","background-size":"auto","background-attachment":"scroll","background-type":"","background-media":"","overlay-type":"","overlay-color":"","overlay-opacity":"","overlay-gradient":""},"mobile":{"background-color":"var(--ast-global-color-5)","background-image":"","background-repeat":"repeat","background-position":"center center","background-size":"auto","background-attachment":"scroll","background-type":"","background-media":"","overlay-type":"","overlay-color":"","overlay-opacity":"","overlay-gradient":""}},"ngg_post_thumbnail":0,"footnotes":""},"class_list":["post-2457","page","type-page","status-publish","hentry"],"yoast_head":"<!-- This site is optimized with the Yoast SEO plugin v27.3 - https:\/\/yoast.com\/product\/yoast-seo-wordpress\/ -->\n<title>Multimedia - CUEVA CASCAMORRAS<\/title>\n<meta name=\"robots\" content=\"index, follow, max-snippet:-1, max-image-preview:large, max-video-preview:-1\" \/>\n<link rel=\"canonical\" href=\"https:\/\/cuevacascamorras.com\/en\/cueva-cascamorras\/multimedia-cueva-cascamorras\/\" \/>\n<meta property=\"og:locale\" content=\"en_US\" \/>\n<meta property=\"og:type\" content=\"article\" \/>\n<meta property=\"og:title\" content=\"Multimedia - CUEVA CASCAMORRAS\" \/>\n<meta property=\"og:description\" content=\"Galer\u00eda Fotogr\u00e1fica de la Cueva Cascamorras Sum\u00e9rgete en un viaje visual \u00fanico a trav\u00e9s de la Galer\u00eda Fotogr\u00e1fica de la [&hellip;]\" \/>\n<meta property=\"og:url\" content=\"https:\/\/cuevacascamorras.com\/en\/cueva-cascamorras\/multimedia-cueva-cascamorras\/\" \/>\n<meta property=\"og:site_name\" content=\"CUEVA CASCAMORRAS\" \/>\n<meta property=\"article:modified_time\" content=\"2026-03-23T23:35:05+00:00\" \/>\n<meta name=\"twitter:card\" content=\"summary_large_image\" \/>\n<meta name=\"twitter:label1\" content=\"Est. reading time\" \/>\n\t<meta name=\"twitter:data1\" content=\"1 minute\" \/>\n<script type=\"application\/ld+json\" class=\"yoast-schema-graph\">{\"@context\":\"https:\\\/\\\/schema.org\",\"@graph\":[{\"@type\":\"WebPage\",\"@id\":\"https:\\\/\\\/cuevacascamorras.com\\\/cueva-cascamorras\\\/multimedia-cueva-cascamorras\\\/\",\"url\":\"https:\\\/\\\/cuevacascamorras.com\\\/cueva-cascamorras\\\/multimedia-cueva-cascamorras\\\/\",\"name\":\"Multimedia - CUEVA CASCAMORRAS\",\"isPartOf\":{\"@id\":\"https:\\\/\\\/cuevacascamorras.com\\\/#website\"},\"datePublished\":\"2024-11-24T17:04:38+00:00\",\"dateModified\":\"2026-03-23T23:35:05+00:00\",\"breadcrumb\":{\"@id\":\"https:\\\/\\\/cuevacascamorras.com\\\/cueva-cascamorras\\\/multimedia-cueva-cascamorras\\\/#breadcrumb\"},\"inLanguage\":\"en-US\",\"potentialAction\":[{\"@type\":\"ReadAction\",\"target\":[\"https:\\\/\\\/cuevacascamorras.com\\\/cueva-cascamorras\\\/multimedia-cueva-cascamorras\\\/\"]}]},{\"@type\":\"BreadcrumbList\",\"@id\":\"https:\\\/\\\/cuevacascamorras.com\\\/cueva-cascamorras\\\/multimedia-cueva-cascamorras\\\/#breadcrumb\",\"itemListElement\":[{\"@type\":\"ListItem\",\"position\":1,\"name\":\"Portada\",\"item\":\"https:\\\/\\\/cuevacascamorras.com\\\/\"},{\"@type\":\"ListItem\",\"position\":2,\"name\":\"Cueva\",\"item\":\"https:\\\/\\\/cuevacascamorras.com\\\/cueva-cascamorras\\\/\"},{\"@type\":\"ListItem\",\"position\":3,\"name\":\"Multimedia\"}]},{\"@type\":\"WebSite\",\"@id\":\"https:\\\/\\\/cuevacascamorras.com\\\/#website\",\"url\":\"https:\\\/\\\/cuevacascamorras.com\\\/\",\"name\":\"CUEVA CASCAMORRAS\",\"description\":\"Cueva Cascamorras es un alojamiento rural \u00fanico en Baza (Granada), donde historia y confort se fusionan. Vive la magia de dormir en una cueva aut\u00e9ntica con todas las comodidades. \u00a1Un refugio lleno de encanto!\",\"publisher\":{\"@id\":\"https:\\\/\\\/cuevacascamorras.com\\\/#\\\/schema\\\/person\\\/66403332c8da7e96931d75eb92362474\"},\"potentialAction\":[{\"@type\":\"SearchAction\",\"target\":{\"@type\":\"EntryPoint\",\"urlTemplate\":\"https:\\\/\\\/cuevacascamorras.com\\\/?s={search_term_string}\"},\"query-input\":{\"@type\":\"PropertyValueSpecification\",\"valueRequired\":true,\"valueName\":\"search_term_string\"}}],\"inLanguage\":\"en-US\"},{\"@type\":[\"Person\",\"Organization\"],\"@id\":\"https:\\\/\\\/cuevacascamorras.com\\\/#\\\/schema\\\/person\\\/66403332c8da7e96931d75eb92362474\",\"name\":\"SANTI VALERO SANCHEZ\",\"image\":{\"@type\":\"ImageObject\",\"inLanguage\":\"en-US\",\"@id\":\"https:\\\/\\\/cuevacascamorras.com\\\/wp-content\\\/uploads\\\/2025\\\/02\\\/Logo-Cueva-Cascamorras-positivo-scaled.jpg\",\"url\":\"https:\\\/\\\/cuevacascamorras.com\\\/wp-content\\\/uploads\\\/2025\\\/02\\\/Logo-Cueva-Cascamorras-positivo-scaled.jpg\",\"contentUrl\":\"https:\\\/\\\/cuevacascamorras.com\\\/wp-content\\\/uploads\\\/2025\\\/02\\\/Logo-Cueva-Cascamorras-positivo-scaled.jpg\",\"width\":2560,\"height\":2515,\"caption\":\"SANTI VALERO SANCHEZ\"},\"logo\":{\"@id\":\"https:\\\/\\\/cuevacascamorras.com\\\/wp-content\\\/uploads\\\/2025\\\/02\\\/Logo-Cueva-Cascamorras-positivo-scaled.jpg\"}}]}<\/script>\n<!-- \/ Yoast SEO plugin. -->","yoast_head_json":{"title":"Multimedia - CUEVA CASCAMORRAS","robots":{"index":"index","follow":"follow","max-snippet":"max-snippet:-1","max-image-preview":"max-image-preview:large","max-video-preview":"max-video-preview:-1"},"canonical":"https:\/\/cuevacascamorras.com\/en\/cueva-cascamorras\/multimedia-cueva-cascamorras\/","og_locale":"en_US","og_type":"article","og_title":"Multimedia - CUEVA CASCAMORRAS","og_description":"Galer\u00eda Fotogr\u00e1fica de la Cueva Cascamorras Sum\u00e9rgete en un viaje visual \u00fanico a trav\u00e9s de la Galer\u00eda Fotogr\u00e1fica de la [&hellip;]","og_url":"https:\/\/cuevacascamorras.com\/en\/cueva-cascamorras\/multimedia-cueva-cascamorras\/","og_site_name":"CUEVA CASCAMORRAS","article_modified_time":"2026-03-23T23:35:05+00:00","twitter_card":"summary_large_image","twitter_misc":{"Est. reading time":"1 minute"},"schema":{"@context":"https:\/\/schema.org","@graph":[{"@type":"WebPage","@id":"https:\/\/cuevacascamorras.com\/cueva-cascamorras\/multimedia-cueva-cascamorras\/","url":"https:\/\/cuevacascamorras.com\/cueva-cascamorras\/multimedia-cueva-cascamorras\/","name":"Multimedia - CUEVA CASCAMORRAS","isPartOf":{"@id":"https:\/\/cuevacascamorras.com\/#website"},"datePublished":"2024-11-24T17:04:38+00:00","dateModified":"2026-03-23T23:35:05+00:00","breadcrumb":{"@id":"https:\/\/cuevacascamorras.com\/cueva-cascamorras\/multimedia-cueva-cascamorras\/#breadcrumb"},"inLanguage":"en-US","potentialAction":[{"@type":"ReadAction","target":["https:\/\/cuevacascamorras.com\/cueva-cascamorras\/multimedia-cueva-cascamorras\/"]}]},{"@type":"BreadcrumbList","@id":"https:\/\/cuevacascamorras.com\/cueva-cascamorras\/multimedia-cueva-cascamorras\/#breadcrumb","itemListElement":[{"@type":"ListItem","position":1,"name":"Portada","item":"https:\/\/cuevacascamorras.com\/"},{"@type":"ListItem","position":2,"name":"Cueva","item":"https:\/\/cuevacascamorras.com\/cueva-cascamorras\/"},{"@type":"ListItem","position":3,"name":"Multimedia"}]},{"@type":"WebSite","@id":"https:\/\/cuevacascamorras.com\/#website","url":"https:\/\/cuevacascamorras.com\/","name":"CUEVA CASCAMORRAS","description":"Cueva Cascamorras es un alojamiento rural \u00fanico en Baza (Granada), donde historia y confort se fusionan. Vive la magia de dormir en una cueva aut\u00e9ntica con todas las comodidades. \u00a1Un refugio lleno de encanto!","publisher":{"@id":"https:\/\/cuevacascamorras.com\/#\/schema\/person\/66403332c8da7e96931d75eb92362474"},"potentialAction":[{"@type":"SearchAction","target":{"@type":"EntryPoint","urlTemplate":"https:\/\/cuevacascamorras.com\/?s={search_term_string}"},"query-input":{"@type":"PropertyValueSpecification","valueRequired":true,"valueName":"search_term_string"}}],"inLanguage":"en-US"},{"@type":["Person","Organization"],"@id":"https:\/\/cuevacascamorras.com\/#\/schema\/person\/66403332c8da7e96931d75eb92362474","name":"SANTI VALERO SANCHEZ","image":{"@type":"ImageObject","inLanguage":"en-US","@id":"https:\/\/cuevacascamorras.com\/wp-content\/uploads\/2025\/02\/Logo-Cueva-Cascamorras-positivo-scaled.jpg","url":"https:\/\/cuevacascamorras.com\/wp-content\/uploads\/2025\/02\/Logo-Cueva-Cascamorras-positivo-scaled.jpg","contentUrl":"https:\/\/cuevacascamorras.com\/wp-content\/uploads\/2025\/02\/Logo-Cueva-Cascamorras-positivo-scaled.jpg","width":2560,"height":2515,"caption":"SANTI VALERO SANCHEZ"},"logo":{"@id":"https:\/\/cuevacascamorras.com\/wp-content\/uploads\/2025\/02\/Logo-Cueva-Cascamorras-positivo-scaled.jpg"}}]}},"uagb_featured_image_src":{"full":false,"thumbnail":false,"medium":false,"medium_large":false,"large":false,"1536x1536":false,"2048x2048":false,"trp-custom-language-flag":false},"uagb_author_info":{"display_name":"SANTI VALERO SANCHEZ","author_link":"https:\/\/cuevacascamorras.com\/en\/author\/santi\/"},"uagb_comment_info":0,"uagb_excerpt":"Galer\u00eda Fotogr\u00e1fica de la Cueva Cascamorras Sum\u00e9rgete en un viaje visual \u00fanico a trav\u00e9s de la Galer\u00eda Fotogr\u00e1fica de la [&hellip;]","_links":{"self":[{"href":"https:\/\/cuevacascamorras.com\/en\/wp-json\/wp\/v2\/pages\/2457","targetHints":{"allow":["GET"]}}],"collection":[{"href":"https:\/\/cuevacascamorras.com\/en\/wp-json\/wp\/v2\/pages"}],"about":[{"href":"https:\/\/cuevacascamorras.com\/en\/wp-json\/wp\/v2\/types\/page"}],"author":[{"embeddable":true,"href":"https:\/\/cuevacascamorras.com\/en\/wp-json\/wp\/v2\/users\/5"}],"replies":[{"embeddable":true,"href":"https:\/\/cuevacascamorras.com\/en\/wp-json\/wp\/v2\/comments?post=2457"}],"version-history":[{"count":35,"href":"https:\/\/cuevacascamorras.com\/en\/wp-json\/wp\/v2\/pages\/2457\/revisions"}],"predecessor-version":[{"id":3972,"href":"https:\/\/cuevacascamorras.com\/en\/wp-json\/wp\/v2\/pages\/2457\/revisions\/3972"}],"up":[{"embeddable":true,"href":"https:\/\/cuevacascamorras.com\/en\/wp-json\/wp\/v2\/pages\/14"}],"wp:attachment":[{"href":"https:\/\/cuevacascamorras.com\/en\/wp-json\/wp\/v2\/media?parent=2457"}],"curies":[{"name":"wp","href":"https:\/\/api.w.org\/{rel}","templated":true}]}}